{"id":2818,"date":"2019-09-03T20:45:52","date_gmt":"2019-09-03T18:45:52","guid":{"rendered":"http:\/\/teremok.fr\/?page_id=2818"},"modified":"2019-09-03T20:45:52","modified_gmt":"2019-09-03T18:45:52","slug":"photos-widget","status":"publish","type":"page","link":"https:\/\/teremok.fr\/RU\/photos-widget\/","title":{"rendered":"(Fran\u00e7ais) Photos Widget"},"content":{"rendered":"<p class=\"qtranxs-available-languages-message qtranxs-available-languages-message-RU\">D\u00e9sol\u00e9, ce contenu est uniquement disponible en fran\u00e7ais.<\/p>","protected":false},"excerpt":{"rendered":"<p>D\u00e9sol\u00e9, ce contenu est uniquement disponible en fran\u00e7ais.<\/p>\n","protected":false},"author":4,"featured_media":0,"parent":0,"menu_order":0,"comment_status":"closed","ping_status":"closed","template":"","meta":{"_monsterinsights_skip_tracking":false,"_monsterinsights_sitenote_active":false,"_monsterinsights_sitenote_note":"","_monsterinsights_sitenote_category":0,"footnotes":""},"class_list":["post-2818","page","type-page","status-publish","hentry"],"yoast_head":"<!-- This site is optimized with the Yoast SEO plugin v27.5 - https:\/\/yoast.com\/product\/yoast-seo-wordpress\/ -->\n<title>(Fran\u00e7ais) Photos Widget - TEREMOK<\/title>\n<meta name=\"robots\" content=\"index, follow, max-snippet:-1, max-image-preview:large, max-video-preview:-1\" \/>\n<link rel=\"canonical\" href=\"https:\/\/teremok.fr\/RU\/photos-widget\/\" \/>\n<meta property=\"og:locale\" content=\"ru_RU\" \/>\n<meta property=\"og:type\" content=\"article\" \/>\n<meta property=\"og:title\" content=\"(Fran\u00e7ais) Photos Widget - TEREMOK\" \/>\n<meta property=\"og:description\" content=\"D\u00e9sol\u00e9, ce contenu est uniquement disponible en fran\u00e7ais.\" \/>\n<meta property=\"og:url\" content=\"https:\/\/teremok.fr\/RU\/photos-widget\/\" \/>\n<meta property=\"og:site_name\" content=\"TEREMOK\" \/>\n<meta property=\"article:publisher\" content=\"https:\/\/www.facebook.com\/teremok.paris\/about\" \/>\n<meta property=\"og:image\" content=\"https:\/\/teremok.fr\/wp-content\/uploads\/2014\/12\/Non-Stop-Wins-2019-7-1.jpg\" \/>\n<script type=\"application\/ld+json\" class=\"yoast-schema-graph\">{\"@context\":\"https:\\\/\\\/schema.org\",\"@graph\":[{\"@type\":\"WebPage\",\"@id\":\"https:\\\/\\\/teremok.fr\\\/RU\\\/photos-widget\\\/\",\"url\":\"https:\\\/\\\/teremok.fr\\\/RU\\\/photos-widget\\\/\",\"name\":\"(Fran\u00e7ais) Photos Widget - TEREMOK\",\"isPartOf\":{\"@id\":\"https:\\\/\\\/teremok.fr\\\/RU\\\/#website\"},\"primaryImageOfPage\":{\"@id\":\"https:\\\/\\\/teremok.fr\\\/RU\\\/photos-widget\\\/#primaryimage\"},\"image\":{\"@id\":\"https:\\\/\\\/teremok.fr\\\/photos-widget\\\/#primaryimage\"},\"thumbnailUrl\":\"https:\\\/\\\/teremok.fr\\\/wp-content\\\/uploads\\\/2014\\\/12\\\/Non-Stop-Wins-2019-7-1.jpg\",\"datePublished\":\"2019-09-03T18:45:52+00:00\",\"breadcrumb\":{\"@id\":\"https:\\\/\\\/teremok.fr\\\/RU\\\/photos-widget\\\/#breadcrumb\"},\"inLanguage\":\"ru-RU\",\"potentialAction\":[{\"@type\":\"ReadAction\",\"target\":[[\"https:\\\/\\\/teremok.fr\\\/RU\\\/photos-widget\\\/\"]]}]},{\"@type\":\"ImageObject\",\"inLanguage\":\"ru-RU\",\"@id\":\"https:\\\/\\\/teremok.fr\\\/RU\\\/photos-widget\\\/#primaryimage\",\"url\":\"https:\\\/\\\/teremok.fr\\\/wp-content\\\/uploads\\\/2014\\\/12\\\/Non-Stop-Wins-2019-7-1.jpg\",\"contentUrl\":\"https:\\\/\\\/teremok.fr\\\/wp-content\\\/uploads\\\/2014\\\/12\\\/Non-Stop-Wins-2019-7-1.jpg\"},{\"@type\":\"BreadcrumbList\",\"@id\":\"https:\\\/\\\/teremok.fr\\\/RU\\\/photos-widget\\\/#breadcrumb\",\"itemListElement\":[{\"@type\":\"ListItem\",\"position\":1,\"name\":\"Accueil\",\"item\":\"https:\\\/\\\/teremok.fr\\\/RU\\\/\"},{\"@type\":\"ListItem\",\"position\":2,\"name\":\"(Fran\u00e7ais) Photos Widget\"}]},{\"@type\":\"WebSite\",\"@id\":\"https:\\\/\\\/teremok.fr\\\/RU\\\/#website\",\"url\":\"https:\\\/\\\/teremok.fr\\\/RU\\\/\",\"name\":\"TEREMOK\",\"description\":\"Ecole active russe de Paris\",\"publisher\":{\"@id\":\"https:\\\/\\\/teremok.fr\\\/RU\\\/#organization\"},\"potentialAction\":[{\"@type\":\"SearchAction\",\"target\":{\"@type\":\"EntryPoint\",\"urlTemplate\":\"https:\\\/\\\/teremok.fr\\\/RU\\\/?s={search_term_string}\"},\"query-input\":{\"@type\":\"PropertyValueSpecification\",\"valueRequired\":true,\"valueName\":\"search_term_string\"}}],\"inLanguage\":\"ru-RU\"},{\"@type\":\"Organization\",\"@id\":\"https:\\\/\\\/teremok.fr\\\/RU\\\/#organization\",\"name\":\"Teremok\",\"url\":\"https:\\\/\\\/teremok.fr\\\/RU\\\/\",\"logo\":{\"@type\":\"ImageObject\",\"inLanguage\":\"ru-RU\",\"@id\":\"https:\\\/\\\/teremok.fr\\\/RU\\\/#\\\/schema\\\/logo\\\/image\\\/\",\"url\":\"https:\\\/\\\/teremok.fr\\\/wp-content\\\/uploads\\\/2014\\\/12\\\/teremok_logo.jpg\",\"contentUrl\":\"https:\\\/\\\/teremok.fr\\\/wp-content\\\/uploads\\\/2014\\\/12\\\/teremok_logo.jpg\",\"width\":591,\"height\":169,\"caption\":\"Teremok\"},\"image\":{\"@id\":\"https:\\\/\\\/teremok.fr\\\/RU\\\/#\\\/schema\\\/logo\\\/image\\\/\"},\"sameAs\":[\"https:\\\/\\\/www.facebook.com\\\/teremok.paris\\\/about\"]}]}<\/script>\n<!-- \/ Yoast SEO plugin. -->","yoast_head_json":{"title":"(Fran\u00e7ais) Photos Widget - TEREMOK","robots":{"index":"index","follow":"follow","max-snippet":"max-snippet:-1","max-image-preview":"max-image-preview:large","max-video-preview":"max-video-preview:-1"},"canonical":"https:\/\/teremok.fr\/RU\/photos-widget\/","og_locale":"ru_RU","og_type":"article","og_title":"(Fran\u00e7ais) Photos Widget - TEREMOK","og_description":"D\u00e9sol\u00e9, ce contenu est uniquement disponible en fran\u00e7ais.","og_url":"https:\/\/teremok.fr\/RU\/photos-widget\/","og_site_name":"TEREMOK","article_publisher":"https:\/\/www.facebook.com\/teremok.paris\/about","og_image":[{"url":"https:\/\/teremok.fr\/wp-content\/uploads\/2014\/12\/Non-Stop-Wins-2019-7-1.jpg","type":"","width":"","height":""}],"schema":{"@context":"https:\/\/schema.org","@graph":[{"@type":"WebPage","@id":"https:\/\/teremok.fr\/RU\/photos-widget\/","url":"https:\/\/teremok.fr\/RU\/photos-widget\/","name":"(Fran\u00e7ais) Photos Widget - TEREMOK","isPartOf":{"@id":"https:\/\/teremok.fr\/RU\/#website"},"primaryImageOfPage":{"@id":"https:\/\/teremok.fr\/RU\/photos-widget\/#primaryimage"},"image":{"@id":"https:\/\/teremok.fr\/photos-widget\/#primaryimage"},"thumbnailUrl":"https:\/\/teremok.fr\/wp-content\/uploads\/2014\/12\/Non-Stop-Wins-2019-7-1.jpg","datePublished":"2019-09-03T18:45:52+00:00","breadcrumb":{"@id":"https:\/\/teremok.fr\/RU\/photos-widget\/#breadcrumb"},"inLanguage":"ru-RU","potentialAction":[{"@type":"ReadAction","target":[["https:\/\/teremok.fr\/RU\/photos-widget\/"]]}]},{"@type":"ImageObject","inLanguage":"ru-RU","@id":"https:\/\/teremok.fr\/RU\/photos-widget\/#primaryimage","url":"https:\/\/teremok.fr\/wp-content\/uploads\/2014\/12\/Non-Stop-Wins-2019-7-1.jpg","contentUrl":"https:\/\/teremok.fr\/wp-content\/uploads\/2014\/12\/Non-Stop-Wins-2019-7-1.jpg"},{"@type":"BreadcrumbList","@id":"https:\/\/teremok.fr\/RU\/photos-widget\/#breadcrumb","itemListElement":[{"@type":"ListItem","position":1,"name":"Accueil","item":"https:\/\/teremok.fr\/RU\/"},{"@type":"ListItem","position":2,"name":"(Fran\u00e7ais) Photos Widget"}]},{"@type":"WebSite","@id":"https:\/\/teremok.fr\/RU\/#website","url":"https:\/\/teremok.fr\/RU\/","name":"TEREMOK","description":"Ecole active russe de Paris","publisher":{"@id":"https:\/\/teremok.fr\/RU\/#organization"},"potentialAction":[{"@type":"SearchAction","target":{"@type":"EntryPoint","urlTemplate":"https:\/\/teremok.fr\/RU\/?s={search_term_string}"},"query-input":{"@type":"PropertyValueSpecification","valueRequired":true,"valueName":"search_term_string"}}],"inLanguage":"ru-RU"},{"@type":"Organization","@id":"https:\/\/teremok.fr\/RU\/#organization","name":"Teremok","url":"https:\/\/teremok.fr\/RU\/","logo":{"@type":"ImageObject","inLanguage":"ru-RU","@id":"https:\/\/teremok.fr\/RU\/#\/schema\/logo\/image\/","url":"https:\/\/teremok.fr\/wp-content\/uploads\/2014\/12\/teremok_logo.jpg","contentUrl":"https:\/\/teremok.fr\/wp-content\/uploads\/2014\/12\/teremok_logo.jpg","width":591,"height":169,"caption":"Teremok"},"image":{"@id":"https:\/\/teremok.fr\/RU\/#\/schema\/logo\/image\/"},"sameAs":["https:\/\/www.facebook.com\/teremok.paris\/about"]}]}},"_links":{"self":[{"href":"https:\/\/teremok.fr\/RU\/wp-json\/wp\/v2\/pages\/2818","targetHints":{"allow":["GET"]}}],"collection":[{"href":"https:\/\/teremok.fr\/RU\/wp-json\/wp\/v2\/pages"}],"about":[{"href":"https:\/\/teremok.fr\/RU\/wp-json\/wp\/v2\/types\/page"}],"author":[{"embeddable":true,"href":"https:\/\/teremok.fr\/RU\/wp-json\/wp\/v2\/users\/4"}],"replies":[{"embeddable":true,"href":"https:\/\/teremok.fr\/RU\/wp-json\/wp\/v2\/comments?post=2818"}],"version-history":[{"count":0,"href":"https:\/\/teremok.fr\/RU\/wp-json\/wp\/v2\/pages\/2818\/revisions"}],"wp:attachment":[{"href":"https:\/\/teremok.fr\/RU\/wp-json\/wp\/v2\/media?parent=2818"}],"curies":[{"name":"wp","href":"https:\/\/api.w.org\/{rel}","templated":true}]}}