{"id":374,"date":"2015-01-04T16:09:04","date_gmt":"2015-01-04T15:09:04","guid":{"rendered":"http:\/\/teremok.fr\/?page_id=374"},"modified":"2024-12-22T19:03:25","modified_gmt":"2024-12-22T18:03:25","slug":"adresses","status":"publish","type":"page","link":"https:\/\/teremok.fr\/RU\/ecole\/adresses\/","title":{"rendered":"\u0430\u0434\u0440\u0435\u0441"},"content":{"rendered":"<p><span style=\"font-size: 16pt;\"><strong>\u0414\u043b\u044f \u0437\u0430\u043d\u044f\u0442\u0438\u0439 \u043f\u043e \u0441\u0440\u0435\u0434\u0430\u043c :<\/strong><\/span><\/p>\n<p><span style=\"font-size: 16pt; color: #6bbf1b;\"><strong>\u2460 <\/strong><\/span><span style=\"font-size: 14pt;\"><strong>Rossinka : 17 villa Croix Nivert 75015 Paris<\/strong><\/span><br \/>\n\u041c\u0435\u0442\u0440\u043e : 6 (Cambronne), 8 (Commerce) et 10 (E. Zola \/ S\u00e9gur)<br \/>\n\u0410\u0432\u0442\u043e\u0431\u0443\u0441\u044b: 80 \u043e\u0441\u0442\u0430\u043d\u043e\u0432\u043a\u0430 Cambronne; \u0430\u0432\u0442\u043e\u0431\u0443\u0441\u044b 70 \u0438 88, \u043e\u0441\u0442\u0430\u043d\u043e\u0432\u043a\u0430 P\u00e9clet<\/p>\n<p><span style=\"font-size: 16pt; color: #dc1c1e;\"><strong>\u2461<\/strong><\/span> <span style=\"font-size: 14pt;\"><strong>Coll\u00e8ge Debussy : 4 place du Commerce 75015 Paris<\/strong><\/span><br \/>\n\u041c\u0435\u0442\u0440\u043e : 6 (la Motte-Picquet), 8 (Commerce) et 10 (E. Zola)<br \/>\n\u0410\u0432\u0442\u043e\u0431\u0443\u0441\u044b 70 \u0438 88, \u043e\u0441\u0442\u0430\u043d\u043e\u0432\u043a\u0430 Violet; \u0430\u0432\u0442\u043e\u0431\u0443\u0441 42 \u043e\u0441\u0442\u0430\u043d\u043e\u0432\u043a\u0430 Th\u00e9\u00e2tre<br \/>\n<span style=\"font-size: 16pt;\">\u00a0 \u00a0\u00a0<\/span><br \/>\n<span style=\"font-size: 16pt;\"><span style=\"font-size: 16pt;\"><strong>\u0414\u043b\u044f \u0437\u0430\u043d\u044f\u0442\u0438\u0439 \u043f\u043e \u0441\u0443\u0431\u0431\u043e\u0442\u0430\u043c :<\/strong><\/span><\/span><\/p>\n<p><span style=\"font-size: 16pt; color: #dc1c1e;\"><strong>\u2461<\/strong><\/span> <span style=\"font-size: 14pt;\"><strong>Coll\u00e8ge Debussy : 4 place du Commerce 75015 Paris<\/strong><\/span><br \/>\n\u041c\u0435\u0442\u0440\u043e : 6 (la Motte-Picquet), 8 (Commerce) et 10 (E. Zola)<br \/>\n\u0410\u0432\u0442\u043e\u0431\u0443\u0441\u044b 70 \u0438 88, \u043e\u0441\u0442\u0430\u043d\u043e\u0432\u043a\u0430 Violet; \u0430\u0432\u0442\u043e\u0431\u0443\u0441 42, \u043e\u0441\u0442\u0430\u043d\u043e\u0432\u043a\u0430 Th\u00e9\u00e2tre<br \/>\n<span style=\"font-size: 16pt;\">\u00a0 \u00a0\u00a0<\/span><br \/>\n<span style=\"font-size: 16pt;\"><strong>\u0414\u043b\u044f \u0442\u0430\u043d\u0446\u0435\u0432\u0430\u043b\u044c\u043d\u043e\u0439 \u0441\u0442\u0443\u0434\u0438\u0438 NonStop (\u043f\u043e\u043d\u0435\u0434\u0435\u043b\u044c\u043d\u0438\u043a &#8212; \u0441\u0443\u0431\u0431\u043e\u0442\u0430) :<\/strong><\/span><\/p>\n<p><span style=\"font-size: 16pt; color: #1a94d6;\"><strong>\u2462<\/strong><\/span> <span style=\"font-size: 14pt;\"><strong>Coll\u00e8ge Madame de Sta\u00ebl : 14 Rue de Sta\u00ebl, 75015 Paris<\/strong><\/span><br \/>\n\u041c\u0435\u0442\u0440\u043e : 6 (S\u00e8vres-Lecourbe), 10 (S\u00e9gur) et 12 (Pasteur).<br \/>\n\u0410\u0432\u0442\u043e\u0431\u0443\u0441\u044b : 88 et 95 \u043e\u0441\u0442\u0430\u043d\u043e\u0432\u043a\u0430 Pasteur-Falgui\u00e8re et Pasteur-Docteur Roux<br \/>\n39, 70 \u0438 89 Pasteur-Lyc\u00e9e Buffon<br \/>\n<span style=\"font-size: 16pt;\">\u00a0 \u00a0\u00a0<\/span><br \/>\n<span style=\"font-size: 16pt;\"><strong>\u0412\u043e \u0432\u0440\u0435\u043c\u044f \u0448\u043a\u043e\u043b\u044c\u043d\u044b\u0445 \u043a\u0430\u043d\u0438\u043a\u0443\u043b :<\/strong><\/span><\/p>\n<p><span style=\"font-size: 16pt; color: #6bbf1b;\"><strong>\u2460 <\/strong><\/span><span style=\"font-size: 14pt;\"><strong>Rossinka : 17 villa Croix Nivert 75015 Paris<\/strong><\/span><br \/>\n\u041c\u0435\u0442\u0440\u043e : 6 (Cambronne), 8 (Commerce) et 10 (E. Zola \/ S\u00e9gur)<br \/>\n\u0410\u0432\u0442\u043e\u0431\u0443\u0441\u044b: 80 \u043e\u0441\u0442\u0430\u043d\u043e\u0432\u043a\u0430 Cambronne; \u0430\u0432\u0442\u043e\u0431\u0443\u0441\u044b 70 \u0438 88, \u043e\u0441\u0442\u0430\u043d\u043e\u0432\u043a\u0430 P\u00e9clet<\/p>\n<p>&nbsp;<\/p>\n<p><a href=\"https:\/\/teremok.fr\/wp-content\/uploads\/2024\/12\/MAP-ROSSINKA-2025.jpg\" data-rel=\"lightbox-image-0\" data-rl_title=\"\" data-rl_caption=\"\" title=\"\"><img loading=\"lazy\" decoding=\"async\" class=\"alignnone size-full wp-image-6343\" src=\"https:\/\/teremok.fr\/wp-content\/uploads\/2024\/12\/MAP-ROSSINKA-2025.jpg\" alt=\"\" width=\"2324\" height=\"1061\" srcset=\"https:\/\/teremok.fr\/wp-content\/uploads\/2024\/12\/MAP-ROSSINKA-2025.jpg 2324w, https:\/\/teremok.fr\/wp-content\/uploads\/2024\/12\/MAP-ROSSINKA-2025-1536x701.jpg 1536w, https:\/\/teremok.fr\/wp-content\/uploads\/2024\/12\/MAP-ROSSINKA-2025-2048x935.jpg 2048w, https:\/\/teremok.fr\/wp-content\/uploads\/2024\/12\/MAP-ROSSINKA-2025-300x137.jpg 300w, https:\/\/teremok.fr\/wp-content\/uploads\/2024\/12\/MAP-ROSSINKA-2025-768x351.jpg 768w, https:\/\/teremok.fr\/wp-content\/uploads\/2024\/12\/MAP-ROSSINKA-2025-1024x467.jpg 1024w\" sizes=\"auto, (max-width: 2324px) 100vw, 2324px\" \/><\/a><\/p>","protected":false},"excerpt":{"rendered":"<p>\u0414\u043b\u044f \u0437\u0430\u043d\u044f\u0442\u0438\u0439 \u043f\u043e \u0441\u0440\u0435\u0434\u0430\u043c : \u2460 Rossinka : 17 villa Croix Nivert 75015 Paris \u041c\u0435\u0442\u0440\u043e : 6 (Cambronne), 8 (Commerce) et 10 (E. Zola \/ S\u00e9gur) \u0410\u0432\u0442\u043e\u0431\u0443\u0441\u044b: 80 \u043e\u0441\u0442\u0430\u043d\u043e\u0432\u043a\u0430 Cambronne; \u0430\u0432\u0442\u043e\u0431\u0443\u0441\u044b 70 \u0438 88,&#46;&#46;&#46;<\/p>\n","protected":false},"author":4,"featured_media":0,"parent":2,"menu_order":2,"comment_status":"closed","ping_status":"closed","template":"page-templates\/child-menu.php","meta":{"_monsterinsights_skip_tracking":false,"_monsterinsights_sitenote_active":false,"_monsterinsights_sitenote_note":"","_monsterinsights_sitenote_category":0,"footnotes":""},"class_list":["post-374","page","type-page","status-publish","hentry"],"yoast_head":"<!-- This site is optimized with the Yoast SEO plugin v27.5 - https:\/\/yoast.com\/product\/yoast-seo-wordpress\/ -->\n<title>\u0430\u0434\u0440\u0435\u0441 - TEREMOK<\/title>\n<meta name=\"robots\" content=\"index, follow, max-snippet:-1, max-image-preview:large, max-video-preview:-1\" \/>\n<link rel=\"canonical\" href=\"https:\/\/teremok.fr\/RU\/ecole\/adresses\/\" \/>\n<meta property=\"og:locale\" content=\"ru_RU\" \/>\n<meta property=\"og:type\" content=\"article\" \/>\n<meta property=\"og:title\" content=\"\u0430\u0434\u0440\u0435\u0441 - TEREMOK\" \/>\n<meta property=\"og:description\" content=\"\u0414\u043b\u044f \u0437\u0430\u043d\u044f\u0442\u0438\u0439 \u043f\u043e \u0441\u0440\u0435\u0434\u0430\u043c : \u2460 Rossinka : 17 villa Croix Nivert 75015 Paris \u041c\u0435\u0442\u0440\u043e : 6 (Cambronne), 8 (Commerce) et 10 (E. Zola \/ S\u00e9gur) \u0410\u0432\u0442\u043e\u0431\u0443\u0441\u044b: 80 \u043e\u0441\u0442\u0430\u043d\u043e\u0432\u043a\u0430 Cambronne; \u0430\u0432\u0442\u043e\u0431\u0443\u0441\u044b 70 \u0438 88,&#046;&#046;&#046;\" \/>\n<meta property=\"og:url\" content=\"https:\/\/teremok.fr\/RU\/ecole\/adresses\/\" \/>\n<meta property=\"og:site_name\" content=\"TEREMOK\" \/>\n<meta property=\"article:publisher\" content=\"https:\/\/www.facebook.com\/teremok.paris\/about\" \/>\n<meta property=\"article:modified_time\" content=\"2024-12-22T18:03:25+00:00\" \/>\n<meta property=\"og:image\" content=\"https:\/\/teremok.fr\/wp-content\/uploads\/2024\/12\/MAP-ROSSINKA-2025.jpg\" \/>\n\t<meta property=\"og:image:width\" content=\"2324\" \/>\n\t<meta property=\"og:image:height\" content=\"1061\" \/>\n\t<meta property=\"og:image:type\" content=\"image\/jpeg\" \/>\n<meta name=\"twitter:label1\" content=\"\u041f\u0440\u0438\u043c\u0435\u0440\u043d\u043e\u0435 \u0432\u0440\u0435\u043c\u044f \u0434\u043b\u044f \u0447\u0442\u0435\u043d\u0438\u044f\" \/>\n\t<meta name=\"twitter:data1\" content=\"2 \u043c\u0438\u043d\u0443\u0442\u044b\" \/>\n<script type=\"application\/ld+json\" class=\"yoast-schema-graph\">{\"@context\":\"https:\\\/\\\/schema.org\",\"@graph\":[{\"@type\":\"WebPage\",\"@id\":\"https:\\\/\\\/teremok.fr\\\/RU\\\/ecole\\\/adresses\\\/\",\"url\":\"https:\\\/\\\/teremok.fr\\\/RU\\\/ecole\\\/adresses\\\/\",\"name\":\"\u0430\u0434\u0440\u0435\u0441 - TEREMOK\",\"isPartOf\":{\"@id\":\"https:\\\/\\\/teremok.fr\\\/RU\\\/#website\"},\"primaryImageOfPage\":{\"@id\":\"https:\\\/\\\/teremok.fr\\\/RU\\\/ecole\\\/adresses\\\/#primaryimage\"},\"image\":{\"@id\":\"https:\\\/\\\/teremok.fr\\\/ecole\\\/adresses\\\/#primaryimage\"},\"thumbnailUrl\":\"https:\\\/\\\/teremok.fr\\\/wp-content\\\/uploads\\\/2024\\\/12\\\/MAP-ROSSINKA-2025.jpg\",\"datePublished\":\"2015-01-04T15:09:04+00:00\",\"dateModified\":\"2024-12-22T18:03:25+00:00\",\"breadcrumb\":{\"@id\":\"https:\\\/\\\/teremok.fr\\\/RU\\\/ecole\\\/adresses\\\/#breadcrumb\"},\"inLanguage\":\"ru-RU\",\"potentialAction\":[{\"@type\":\"ReadAction\",\"target\":[[\"https:\\\/\\\/teremok.fr\\\/RU\\\/ecole\\\/adresses\\\/\"]]}]},{\"@type\":\"ImageObject\",\"inLanguage\":\"ru-RU\",\"@id\":\"https:\\\/\\\/teremok.fr\\\/RU\\\/ecole\\\/adresses\\\/#primaryimage\",\"url\":\"https:\\\/\\\/teremok.fr\\\/wp-content\\\/uploads\\\/2024\\\/12\\\/MAP-ROSSINKA-2025.jpg\",\"contentUrl\":\"https:\\\/\\\/teremok.fr\\\/wp-content\\\/uploads\\\/2024\\\/12\\\/MAP-ROSSINKA-2025.jpg\"},{\"@type\":\"BreadcrumbList\",\"@id\":\"https:\\\/\\\/teremok.fr\\\/RU\\\/ecole\\\/adresses\\\/#breadcrumb\",\"itemListElement\":[{\"@type\":\"ListItem\",\"position\":1,\"name\":\"Accueil\",\"item\":\"https:\\\/\\\/teremok.fr\\\/RU\\\/\"},{\"@type\":\"ListItem\",\"position\":2,\"name\":\"l&rsquo;\u00e9cole\",\"item\":\"https:\\\/\\\/teremok.fr\\\/RU\\\/ecole\\\/\"},{\"@type\":\"ListItem\",\"position\":3,\"name\":\"adresses\"}]},{\"@type\":\"WebSite\",\"@id\":\"https:\\\/\\\/teremok.fr\\\/RU\\\/#website\",\"url\":\"https:\\\/\\\/teremok.fr\\\/RU\\\/\",\"name\":\"TEREMOK\",\"description\":\"Ecole active russe de Paris\",\"publisher\":{\"@id\":\"https:\\\/\\\/teremok.fr\\\/RU\\\/#organization\"},\"potentialAction\":[{\"@type\":\"SearchAction\",\"target\":{\"@type\":\"EntryPoint\",\"urlTemplate\":\"https:\\\/\\\/teremok.fr\\\/RU\\\/?s={search_term_string}\"},\"query-input\":{\"@type\":\"PropertyValueSpecification\",\"valueRequired\":true,\"valueName\":\"search_term_string\"}}],\"inLanguage\":\"ru-RU\"},{\"@type\":\"Organization\",\"@id\":\"https:\\\/\\\/teremok.fr\\\/RU\\\/#organization\",\"name\":\"Teremok\",\"url\":\"https:\\\/\\\/teremok.fr\\\/RU\\\/\",\"logo\":{\"@type\":\"ImageObject\",\"inLanguage\":\"ru-RU\",\"@id\":\"https:\\\/\\\/teremok.fr\\\/RU\\\/#\\\/schema\\\/logo\\\/image\\\/\",\"url\":\"https:\\\/\\\/teremok.fr\\\/wp-content\\\/uploads\\\/2014\\\/12\\\/teremok_logo.jpg\",\"contentUrl\":\"https:\\\/\\\/teremok.fr\\\/wp-content\\\/uploads\\\/2014\\\/12\\\/teremok_logo.jpg\",\"width\":591,\"height\":169,\"caption\":\"Teremok\"},\"image\":{\"@id\":\"https:\\\/\\\/teremok.fr\\\/RU\\\/#\\\/schema\\\/logo\\\/image\\\/\"},\"sameAs\":[\"https:\\\/\\\/www.facebook.com\\\/teremok.paris\\\/about\"]}]}<\/script>\n<!-- \/ Yoast SEO plugin. -->","yoast_head_json":{"title":"\u0430\u0434\u0440\u0435\u0441 - TEREMOK","robots":{"index":"index","follow":"follow","max-snippet":"max-snippet:-1","max-image-preview":"max-image-preview:large","max-video-preview":"max-video-preview:-1"},"canonical":"https:\/\/teremok.fr\/RU\/ecole\/adresses\/","og_locale":"ru_RU","og_type":"article","og_title":"\u0430\u0434\u0440\u0435\u0441 - TEREMOK","og_description":"\u0414\u043b\u044f \u0437\u0430\u043d\u044f\u0442\u0438\u0439 \u043f\u043e \u0441\u0440\u0435\u0434\u0430\u043c : \u2460 Rossinka : 17 villa Croix Nivert 75015 Paris \u041c\u0435\u0442\u0440\u043e : 6 (Cambronne), 8 (Commerce) et 10 (E. Zola \/ S\u00e9gur) \u0410\u0432\u0442\u043e\u0431\u0443\u0441\u044b: 80 \u043e\u0441\u0442\u0430\u043d\u043e\u0432\u043a\u0430 Cambronne; \u0430\u0432\u0442\u043e\u0431\u0443\u0441\u044b 70 \u0438 88,&#46;&#46;&#46;","og_url":"https:\/\/teremok.fr\/RU\/ecole\/adresses\/","og_site_name":"TEREMOK","article_publisher":"https:\/\/www.facebook.com\/teremok.paris\/about","article_modified_time":"2024-12-22T18:03:25+00:00","og_image":[{"width":2324,"height":1061,"url":"https:\/\/teremok.fr\/wp-content\/uploads\/2024\/12\/MAP-ROSSINKA-2025.jpg","type":"image\/jpeg"}],"twitter_misc":{"\u041f\u0440\u0438\u043c\u0435\u0440\u043d\u043e\u0435 \u0432\u0440\u0435\u043c\u044f \u0434\u043b\u044f \u0447\u0442\u0435\u043d\u0438\u044f":"2 \u043c\u0438\u043d\u0443\u0442\u044b"},"schema":{"@context":"https:\/\/schema.org","@graph":[{"@type":"WebPage","@id":"https:\/\/teremok.fr\/RU\/ecole\/adresses\/","url":"https:\/\/teremok.fr\/RU\/ecole\/adresses\/","name":"\u0430\u0434\u0440\u0435\u0441 - TEREMOK","isPartOf":{"@id":"https:\/\/teremok.fr\/RU\/#website"},"primaryImageOfPage":{"@id":"https:\/\/teremok.fr\/RU\/ecole\/adresses\/#primaryimage"},"image":{"@id":"https:\/\/teremok.fr\/ecole\/adresses\/#primaryimage"},"thumbnailUrl":"https:\/\/teremok.fr\/wp-content\/uploads\/2024\/12\/MAP-ROSSINKA-2025.jpg","datePublished":"2015-01-04T15:09:04+00:00","dateModified":"2024-12-22T18:03:25+00:00","breadcrumb":{"@id":"https:\/\/teremok.fr\/RU\/ecole\/adresses\/#breadcrumb"},"inLanguage":"ru-RU","potentialAction":[{"@type":"ReadAction","target":[["https:\/\/teremok.fr\/RU\/ecole\/adresses\/"]]}]},{"@type":"ImageObject","inLanguage":"ru-RU","@id":"https:\/\/teremok.fr\/RU\/ecole\/adresses\/#primaryimage","url":"https:\/\/teremok.fr\/wp-content\/uploads\/2024\/12\/MAP-ROSSINKA-2025.jpg","contentUrl":"https:\/\/teremok.fr\/wp-content\/uploads\/2024\/12\/MAP-ROSSINKA-2025.jpg"},{"@type":"BreadcrumbList","@id":"https:\/\/teremok.fr\/RU\/ecole\/adresses\/#breadcrumb","itemListElement":[{"@type":"ListItem","position":1,"name":"Accueil","item":"https:\/\/teremok.fr\/RU\/"},{"@type":"ListItem","position":2,"name":"l&rsquo;\u00e9cole","item":"https:\/\/teremok.fr\/RU\/ecole\/"},{"@type":"ListItem","position":3,"name":"adresses"}]},{"@type":"WebSite","@id":"https:\/\/teremok.fr\/RU\/#website","url":"https:\/\/teremok.fr\/RU\/","name":"TEREMOK","description":"Ecole active russe de Paris","publisher":{"@id":"https:\/\/teremok.fr\/RU\/#organization"},"potentialAction":[{"@type":"SearchAction","target":{"@type":"EntryPoint","urlTemplate":"https:\/\/teremok.fr\/RU\/?s={search_term_string}"},"query-input":{"@type":"PropertyValueSpecification","valueRequired":true,"valueName":"search_term_string"}}],"inLanguage":"ru-RU"},{"@type":"Organization","@id":"https:\/\/teremok.fr\/RU\/#organization","name":"Teremok","url":"https:\/\/teremok.fr\/RU\/","logo":{"@type":"ImageObject","inLanguage":"ru-RU","@id":"https:\/\/teremok.fr\/RU\/#\/schema\/logo\/image\/","url":"https:\/\/teremok.fr\/wp-content\/uploads\/2014\/12\/teremok_logo.jpg","contentUrl":"https:\/\/teremok.fr\/wp-content\/uploads\/2014\/12\/teremok_logo.jpg","width":591,"height":169,"caption":"Teremok"},"image":{"@id":"https:\/\/teremok.fr\/RU\/#\/schema\/logo\/image\/"},"sameAs":["https:\/\/www.facebook.com\/teremok.paris\/about"]}]}},"_links":{"self":[{"href":"https:\/\/teremok.fr\/RU\/wp-json\/wp\/v2\/pages\/374","targetHints":{"allow":["GET"]}}],"collection":[{"href":"https:\/\/teremok.fr\/RU\/wp-json\/wp\/v2\/pages"}],"about":[{"href":"https:\/\/teremok.fr\/RU\/wp-json\/wp\/v2\/types\/page"}],"author":[{"embeddable":true,"href":"https:\/\/teremok.fr\/RU\/wp-json\/wp\/v2\/users\/4"}],"replies":[{"embeddable":true,"href":"https:\/\/teremok.fr\/RU\/wp-json\/wp\/v2\/comments?post=374"}],"version-history":[{"count":13,"href":"https:\/\/teremok.fr\/RU\/wp-json\/wp\/v2\/pages\/374\/revisions"}],"predecessor-version":[{"id":6346,"href":"https:\/\/teremok.fr\/RU\/wp-json\/wp\/v2\/pages\/374\/revisions\/6346"}],"up":[{"embeddable":true,"href":"https:\/\/teremok.fr\/RU\/wp-json\/wp\/v2\/pages\/2"}],"wp:attachment":[{"href":"https:\/\/teremok.fr\/RU\/wp-json\/wp\/v2\/media?parent=374"}],"curies":[{"name":"wp","href":"https:\/\/api.w.org\/{rel}","templated":true}]}}